{"id":10766,"date":"2020-01-31T16:16:59","date_gmt":"2020-01-31T15:16:59","guid":{"rendered":"http:\/\/www.luciascuderi.it\/?page_id=10766"},"modified":"2020-02-21T19:14:03","modified_gmt":"2020-02-21T18:14:03","slug":"faq","status":"publish","type":"page","link":"https:\/\/www.luciascuderi.it\/it\/faq\/","title":{"rendered":"FAQ"},"content":{"rendered":"<p>[vc_row][vc_column][vc_empty_space height=&#8221;80px&#8221;][vc_column_text]<\/p>\n<h3 style=\"text-align: center;\"><span style=\"color: #01497a;\">FREQUENTLY ASKED QUESTIONS<\/span><\/h3>\n<p>[\/vc_column_text][vc_empty_space height=&#8221;100px&#8221;][\/vc_column][\/vc_row][vc_row][vc_column width=&#8221;2\/3&#8243;][vc_toggle title=&#8221;Che percorso hai fatto per diventare illustratrice?&#8221; style=&#8221;simple&#8221; color=&#8221;blue&#8221; size=&#8221;lg&#8221; custom_font_container=&#8221;tag:div|font_size:26px|text_align:left|color:%2301497a|line_height:26px&#8221; custom_use_theme_fonts=&#8221;yes&#8221; use_custom_heading=&#8221;true&#8221;]Sono arrivata all\u2019illustrazione e ai libri per bambini, dopo un liceo linguistico , una laurea in lettere moderne e una specializzazione in storia dell\u2019arte cominciata e mai finita.<\/p>\n<p>Per alcuni anni ho lavorato come insegnante, continuando solo a sognare di poter fare diventare la mia passione per il disegno il mio lavoro. Continuavo a disegnare e dipingere, l\u2019ho sempre fatto, solo per me o per i regali agli amici.<\/p>\n<p>Ho capito molto tardi, a quasi 30 anni, che volevo che dipingere diventasse il mio lavoro. Mi sono innamorata del mondo dei libri per bambini dopo averne scoperto la variet\u00e0 e la bellezza alla Fiera del libro di Bologna.<\/p>\n<p>Nello stesso momento mi sono resa conto, con i miei improbabili acquerelli dilettanti sottobraccio, di quanto avrei dovuto studiare e lavorare per provare a diventare una illustratrice.<\/p>\n<p>Da quel momento ho cominciato un percorso di formazione da autodidatta fatto di molto esercizio, tanta ricerca e qualche corso (con Emanuele Luzzati, Stepan Zavrel e <em>Kveta Pacovska)<\/em>[\/vc_toggle][vc_toggle title=&#8221;Come nasce un tuo libro? Le storie che illustri sono tue?&#8221; style=&#8221;simple&#8221; color=&#8221;blue&#8221; size=&#8221;lg&#8221; custom_font_container=&#8221;tag:div|font_size:26px|text_align:left|color:%2301497a|line_height:26px&#8221; custom_use_theme_fonts=&#8221;yes&#8221; use_custom_heading=&#8221;true&#8221;]E\u2019 molto difficile da dire, perch\u00e9 ogni libro ha la sua storia, pu\u00f2 nascere da un\u2019immagine, da un\u2019idea , da una frase, da un altro libro, mio o di qualcun altro. Da cosa nasce cosa. Dopo l\u2019idea c\u2019\u00e8 la fase del lavoro, per trasformare un\u2019intuizione in un vero e proprio progetto , costruendo uno storyboard e un prototipo, solo cos\u00ec capisco se il libro funziona.<\/p>\n<p>Non sempre per\u00f2 scrivo e progetto io i miei libri, Illustro molto spesso storie di altri che mi propone l\u2019editore.[\/vc_toggle][vc_toggle title=&#8221;Vendi le tue illustrazioni?&#8221; style=&#8221;simple&#8221; color=&#8221;blue&#8221; size=&#8221;lg&#8221; custom_font_container=&#8221;tag:div|font_size:26px|text_align:left|color:%2301497a|line_height:26px&#8221; custom_use_theme_fonts=&#8221;yes&#8221; use_custom_heading=&#8221;true&#8221;]Si, vendo i miei lavori ( illustrazioni o dipinti) soprattutto in occasione di mostre e presentazioni; ma anche privatamente.[\/vc_toggle][vc_toggle title=&#8221;Che cosa ti piace di pi\u00f9 del tuo lavoro?&#8221; style=&#8221;simple&#8221; color=&#8221;blue&#8221; size=&#8221;lg&#8221; custom_font_container=&#8221;tag:div|font_size:26px|text_align:left|color:%2301497a|line_height:26px&#8221; custom_use_theme_fonts=&#8221;yes&#8221; use_custom_heading=&#8221;true&#8221;]Ci\u00f2 che pi\u00f9 mi piace \u00e8 usare le mani. Capisco facendo, la mia progettualit\u00e0 nasce dal fare. Ho provato molte volte a fare il contrario, ma raramente ottengo risultati interessanti.<\/p>\n<p>Mi piacciono i colori, la carta, mi piace usare le mani per pensare.[\/vc_toggle][vc_toggle title=&#8221;Che idea hai del mestiere di illustratore?&#8221; style=&#8221;simple&#8221; color=&#8221;blue&#8221; size=&#8221;lg&#8221; custom_font_container=&#8221;tag:div|font_size:26px|text_align:left|color:%2301497a|line_height:26px&#8221; custom_use_theme_fonts=&#8221;yes&#8221; use_custom_heading=&#8221;true&#8221;]E\u2019 un mestiere che si pu\u00f2 fare in molti modi: da esecutore, da ingegnere, da artista, da poeta, da commerciante e chiss\u00e0 in quanti altri modi ancora; probabilmente ognuno lo fa a modo suo, \u00e8 molto importante cercare l\u2019ambito pi\u00f9 adatto alle proprie doti.<br \/>\nIl libro \u00e8 finora l\u2019oggetto sul quale ho lavorato di pi\u00f9, ed anche il mio preferito. Da qualche anno per\u00f2 sto sperimentando nuovi supporti per sviluppare un lavoro di ricerca grafica e pittorica fuori dalle pagine , quadri, video, stoffe.[\/vc_toggle][vc_toggle title=&#8221;Fai dei corsi di illustrazione?&#8221; style=&#8221;simple&#8221; color=&#8221;blue&#8221; size=&#8221;lg&#8221; custom_font_container=&#8221;tag:div|font_size:26px|text_align:left|color:%2301497a|line_height:26px&#8221; custom_use_theme_fonts=&#8221;yes&#8221; use_custom_heading=&#8221;true&#8221;]Si faccio corsi sul lavoro di illustrazione, dedicati soprattutto all\u2019editoria per ragazzi e di acquerello.<\/p>\n<p>Faccio anche incontri e laboratori con i bambini sulle ultime pubblicazioni, per raccontare come nasce il libro, e come si lavora per arrivare al prodotto finito.[\/vc_toggle][vc_empty_space height=&#8221;50px&#8221;][\/vc_column][vc_column width=&#8221;1\/3&#8243;][vc_single_image image=&#8221;10452&#8243; img_size=&#8221;medium&#8221; add_caption=&#8221;yes&#8221; alignment=&#8221;center&#8221; style=&#8221;vc_box_shadow_border&#8221;][vc_empty_space height=&#8221;80px&#8221;][\/vc_column][\/vc_row]<\/p>\n","protected":false},"excerpt":{"rendered":"<p>[vc_row][vc_column][vc_empty_space height=&#8221;80px&#8221;][vc_column_text] FREQUENTLY ASKED QUESTIONS [\/vc_column_text][vc_empty_space height=&#8221;100px&#8221;][\/vc_column][\/vc_row][vc_row][vc_column width=&#8221;2\/3&#8243;][vc_toggle title=&#8221;Che percorso hai fatto per diventare illustratrice?&#8221; style=&#8221;simple&#8221; color=&#8221;blue&#8221; size=&#8221;lg&#8221; custom_font_container=&#8221;tag:div|font_size:26px|text_align:left|color:%2301497a|line_height:26px&#8221; custom_use_theme_fonts=&#8221;yes&#8221; use_custom_heading=&#8221;true&#8221;]Sono arrivata all\u2019illustrazione e ai libri per bambini, dopo un liceo linguistico , una laurea in lettere moderne e una [&hellip;]<\/p>\n","protected":false},"author":1,"featured_media":0,"parent":0,"menu_order":0,"comment_status":"closed","ping_status":"closed","template":"","meta":[],"yoast_head":"<!-- This site is optimized with the Yoast SEO plugin v18.9 - https:\/\/yoast.com\/wordpress\/plugins\/seo\/ -->\n<title>FAQ | Lucia Scuderi e una artista poliedrica dell&#039;immagine, vive e lavora in Sicilia a i piedi dell&#039;Etna. La sua ricerca e il tratto poetico hanno ricevuto importanti apprezzamenti e premi internazionali.<\/title>\n<meta name=\"description\" content=\"Lucia Scuderi \u00e8 una artista poliedrica dell&#039;immagine vive e lavora in Sicilia ai piedi dell&#039;Etna. La sua ricerca e il tratto poetico hanno ricevuto importanti apprezzamenti e premi internazionali.\" \/>\n<meta name=\"robots\" content=\"index, follow, max-snippet:-1, max-image-preview:large, max-video-preview:-1\" \/>\n<link rel=\"canonical\" href=\"https:\/\/www.luciascuderi.it\/it\/faq\/\" \/>\n<meta property=\"og:locale\" content=\"it_IT\" \/>\n<meta property=\"og:type\" content=\"article\" \/>\n<meta property=\"og:title\" content=\"FAQ | Lucia Scuderi e una artista poliedrica dell&#039;immagine, vive e lavora in Sicilia a i piedi dell&#039;Etna. La sua ricerca e il tratto poetico hanno ricevuto importanti apprezzamenti e premi internazionali.\" \/>\n<meta property=\"og:description\" content=\"Lucia Scuderi \u00e8 una artista poliedrica dell&#039;immagine vive e lavora in Sicilia ai piedi dell&#039;Etna. La sua ricerca e il tratto poetico hanno ricevuto importanti apprezzamenti e premi internazionali.\" \/>\n<meta property=\"og:url\" content=\"https:\/\/www.luciascuderi.it\/it\/faq\/\" \/>\n<meta property=\"og:site_name\" content=\"Lucia Scuderi\" \/>\n<meta property=\"article:modified_time\" content=\"2020-02-21T18:14:03+00:00\" \/>\n<meta name=\"twitter:card\" content=\"summary_large_image\" \/>\n<meta name=\"twitter:label1\" content=\"Tempo di lettura stimato\" \/>\n\t<meta name=\"twitter:data1\" content=\"4 minuti\" \/>\n<script type=\"application\/ld+json\" class=\"yoast-schema-graph\">{\"@context\":\"https:\/\/schema.org\",\"@graph\":[{\"@type\":\"WebSite\",\"@id\":\"https:\/\/www.luciascuderi.it\/it\/#website\",\"url\":\"https:\/\/www.luciascuderi.it\/it\/\",\"name\":\"Lucia Scuderi\",\"description\":\"Autrice &amp; Illustratrice\",\"potentialAction\":[{\"@type\":\"SearchAction\",\"target\":{\"@type\":\"EntryPoint\",\"urlTemplate\":\"https:\/\/www.luciascuderi.it\/it\/?s={search_term_string}\"},\"query-input\":\"required name=search_term_string\"}],\"inLanguage\":\"it-IT\"},{\"@type\":\"WebPage\",\"@id\":\"https:\/\/www.luciascuderi.it\/it\/faq\/#webpage\",\"url\":\"https:\/\/www.luciascuderi.it\/it\/faq\/\",\"name\":\"FAQ | Lucia Scuderi e una artista poliedrica dell'immagine, vive e lavora in Sicilia a i piedi dell'Etna. La sua ricerca e il tratto poetico hanno ricevuto importanti apprezzamenti e premi internazionali.\",\"isPartOf\":{\"@id\":\"https:\/\/www.luciascuderi.it\/it\/#website\"},\"datePublished\":\"2020-01-31T15:16:59+00:00\",\"dateModified\":\"2020-02-21T18:14:03+00:00\",\"description\":\"Lucia Scuderi \u00e8 una artista poliedrica dell'immagine vive e lavora in Sicilia ai piedi dell'Etna. La sua ricerca e il tratto poetico hanno ricevuto importanti apprezzamenti e premi internazionali.\",\"breadcrumb\":{\"@id\":\"https:\/\/www.luciascuderi.it\/it\/faq\/#breadcrumb\"},\"inLanguage\":\"it-IT\",\"potentialAction\":[{\"@type\":\"ReadAction\",\"target\":[\"https:\/\/www.luciascuderi.it\/it\/faq\/\"]}]},{\"@type\":\"BreadcrumbList\",\"@id\":\"https:\/\/www.luciascuderi.it\/it\/faq\/#breadcrumb\",\"itemListElement\":[{\"@type\":\"ListItem\",\"position\":1,\"name\":\"Home\",\"item\":\"https:\/\/www.luciascuderi.it\/it\/\"},{\"@type\":\"ListItem\",\"position\":2,\"name\":\"FAQ\"}]}]}<\/script>\n<!-- \/ Yoast SEO plugin. -->","yoast_head_json":{"title":"FAQ | Lucia Scuderi e una artista poliedrica dell'immagine, vive e lavora in Sicilia a i piedi dell'Etna. La sua ricerca e il tratto poetico hanno ricevuto importanti apprezzamenti e premi internazionali.","description":"Lucia Scuderi \u00e8 una artista poliedrica dell'immagine vive e lavora in Sicilia ai piedi dell'Etna. La sua ricerca e il tratto poetico hanno ricevuto importanti apprezzamenti e premi internazionali.","robots":{"index":"index","follow":"follow","max-snippet":"max-snippet:-1","max-image-preview":"max-image-preview:large","max-video-preview":"max-video-preview:-1"},"canonical":"https:\/\/www.luciascuderi.it\/it\/faq\/","og_locale":"it_IT","og_type":"article","og_title":"FAQ | Lucia Scuderi e una artista poliedrica dell'immagine, vive e lavora in Sicilia a i piedi dell'Etna. La sua ricerca e il tratto poetico hanno ricevuto importanti apprezzamenti e premi internazionali.","og_description":"Lucia Scuderi \u00e8 una artista poliedrica dell'immagine vive e lavora in Sicilia ai piedi dell'Etna. La sua ricerca e il tratto poetico hanno ricevuto importanti apprezzamenti e premi internazionali.","og_url":"https:\/\/www.luciascuderi.it\/it\/faq\/","og_site_name":"Lucia Scuderi","article_modified_time":"2020-02-21T18:14:03+00:00","twitter_card":"summary_large_image","twitter_misc":{"Tempo di lettura stimato":"4 minuti"},"schema":{"@context":"https:\/\/schema.org","@graph":[{"@type":"WebSite","@id":"https:\/\/www.luciascuderi.it\/it\/#website","url":"https:\/\/www.luciascuderi.it\/it\/","name":"Lucia Scuderi","description":"Autrice &amp; Illustratrice","potentialAction":[{"@type":"SearchAction","target":{"@type":"EntryPoint","urlTemplate":"https:\/\/www.luciascuderi.it\/it\/?s={search_term_string}"},"query-input":"required name=search_term_string"}],"inLanguage":"it-IT"},{"@type":"WebPage","@id":"https:\/\/www.luciascuderi.it\/it\/faq\/#webpage","url":"https:\/\/www.luciascuderi.it\/it\/faq\/","name":"FAQ | Lucia Scuderi e una artista poliedrica dell'immagine, vive e lavora in Sicilia a i piedi dell'Etna. La sua ricerca e il tratto poetico hanno ricevuto importanti apprezzamenti e premi internazionali.","isPartOf":{"@id":"https:\/\/www.luciascuderi.it\/it\/#website"},"datePublished":"2020-01-31T15:16:59+00:00","dateModified":"2020-02-21T18:14:03+00:00","description":"Lucia Scuderi \u00e8 una artista poliedrica dell'immagine vive e lavora in Sicilia ai piedi dell'Etna. La sua ricerca e il tratto poetico hanno ricevuto importanti apprezzamenti e premi internazionali.","breadcrumb":{"@id":"https:\/\/www.luciascuderi.it\/it\/faq\/#breadcrumb"},"inLanguage":"it-IT","potentialAction":[{"@type":"ReadAction","target":["https:\/\/www.luciascuderi.it\/it\/faq\/"]}]},{"@type":"BreadcrumbList","@id":"https:\/\/www.luciascuderi.it\/it\/faq\/#breadcrumb","itemListElement":[{"@type":"ListItem","position":1,"name":"Home","item":"https:\/\/www.luciascuderi.it\/it\/"},{"@type":"ListItem","position":2,"name":"FAQ"}]}]}},"_links":{"self":[{"href":"https:\/\/www.luciascuderi.it\/it\/wp-json\/wp\/v2\/pages\/10766"}],"collection":[{"href":"https:\/\/www.luciascuderi.it\/it\/wp-json\/wp\/v2\/pages"}],"about":[{"href":"https:\/\/www.luciascuderi.it\/it\/wp-json\/wp\/v2\/types\/page"}],"author":[{"embeddable":true,"href":"https:\/\/www.luciascuderi.it\/it\/wp-json\/wp\/v2\/users\/1"}],"replies":[{"embeddable":true,"href":"https:\/\/www.luciascuderi.it\/it\/wp-json\/wp\/v2\/comments?post=10766"}],"version-history":[{"count":0,"href":"https:\/\/www.luciascuderi.it\/it\/wp-json\/wp\/v2\/pages\/10766\/revisions"}],"wp:attachment":[{"href":"https:\/\/www.luciascuderi.it\/it\/wp-json\/wp\/v2\/media?parent=10766"}],"curies":[{"name":"wp","href":"https:\/\/api.w.org\/{rel}","templated":true}]}}