{"id":13413,"date":"2022-12-15T15:25:56","date_gmt":"2022-12-15T14:25:56","guid":{"rendered":"https:\/\/www.luciascuderi.it\/?post_type=product&#038;p=13413"},"modified":"2023-11-30T20:02:56","modified_gmt":"2023-11-30T19:02:56","slug":"mare-nero","status":"publish","type":"product","link":"https:\/\/www.luciascuderi.it\/it\/shop\/stampe\/mare\/mare-nero\/","title":{"rendered":"Mare Nero"},"content":{"rendered":"<p>Stampa Fine art su carta Hanhemule 100% cotone. Ciascun esemplare \u00e8 numerato e firmato dall&#8217;autrice e la stampa \u00e8 certificata dallo stampatore.<br \/>\nLa stampa viaggia imballata in modo idoneo e protetta da un sandwich di materiale espanso.<\/p>\n","protected":false},"excerpt":{"rendered":"<p>&nbsp;<\/p>\n<p><strong>Serie:<\/strong> MARE &#8211; La natura \u00e8 rifugio, \u00e8 l\u2019inizio di tutto, \u00e8 conferma che tutto pu\u00f2 ricominciare, \u00e8 seme che se custodito, con il tempo crescer\u00e0 e ci sorprender\u00e0.<\/p>\n<p><strong>Descrizione:<\/strong> Stampa Fine art edizione limitata 20 esemplari numerati e firmati su carta Hanhemule 100% cotone.<\/p>\n<p><strong>Dimensioni<\/strong>: Stampa con passepartout &#8211; 40 x 50 cm.<\/p>\n<p><strong>Spedizione:<\/strong> Gratuita<\/p>\n<p><strong>Prezzo: <\/strong>50\u20ac | 40\u20ac per acquisti di quattro (spedizione compresa)<\/p>\n<p>&nbsp;<\/p>\n","protected":false},"featured_media":13403,"template":"","meta":[],"product_cat":[111],"product_tag":[94],"yoast_head":"<!-- This site is optimized with the Yoast SEO plugin v18.9 - https:\/\/yoast.com\/wordpress\/plugins\/seo\/ -->\n<title>Stampa Fine art edizione limitata - Rifugi nei Colori | Lucia Scuderi<\/title>\n<meta name=\"description\" content=\"Stampa Fine art edizione limitata 20 esemplari numerati e firmati su carta Hanhemule 100% cotone di Lucia Scuderi.\" \/>\n<meta name=\"robots\" content=\"index, follow, max-snippet:-1, max-image-preview:large, max-video-preview:-1\" \/>\n<link rel=\"canonical\" href=\"https:\/\/www.luciascuderi.it\/it\/shop\/stampe\/mare\/mare-nero\/\" \/>\n<meta property=\"og:locale\" content=\"it_IT\" \/>\n<meta property=\"og:type\" content=\"article\" \/>\n<meta property=\"og:title\" content=\"Stampa Fine art edizione limitata - Rifugi nei Colori | Lucia Scuderi\" \/>\n<meta property=\"og:description\" content=\"Stampa Fine art edizione limitata 20 esemplari numerati e firmati su carta Hanhemule 100% cotone di Lucia Scuderi.\" \/>\n<meta property=\"og:url\" content=\"https:\/\/www.luciascuderi.it\/it\/shop\/stampe\/mare\/mare-nero\/\" \/>\n<meta property=\"og:site_name\" content=\"Lucia Scuderi\" \/>\n<meta property=\"article:modified_time\" content=\"2023-11-30T19:02:56+00:00\" \/>\n<meta property=\"og:image\" content=\"https:\/\/www.luciascuderi.it\/wp-content\/uploads\/2022\/12\/mare-nero-cm-60x40-1.jpg\" \/>\n\t<meta property=\"og:image:width\" content=\"1180\" \/>\n\t<meta property=\"og:image:height\" content=\"787\" \/>\n\t<meta property=\"og:image:type\" content=\"image\/jpeg\" \/>\n<meta name=\"twitter:card\" content=\"summary_large_image\" \/>\n<script type=\"application\/ld+json\" class=\"yoast-schema-graph\">{\"@context\":\"https:\/\/schema.org\",\"@graph\":[{\"@type\":\"WebSite\",\"@id\":\"https:\/\/www.luciascuderi.it\/it\/#website\",\"url\":\"https:\/\/www.luciascuderi.it\/it\/\",\"name\":\"Lucia Scuderi\",\"description\":\"Autrice &amp; Illustratrice\",\"potentialAction\":[{\"@type\":\"SearchAction\",\"target\":{\"@type\":\"EntryPoint\",\"urlTemplate\":\"https:\/\/www.luciascuderi.it\/it\/?s={search_term_string}\"},\"query-input\":\"required name=search_term_string\"}],\"inLanguage\":\"it-IT\"},{\"@type\":\"ImageObject\",\"inLanguage\":\"it-IT\",\"@id\":\"https:\/\/www.luciascuderi.it\/it\/shop\/stampe\/mare\/mare-nero\/#primaryimage\",\"url\":\"https:\/\/www.luciascuderi.it\/wp-content\/uploads\/2022\/12\/mare-nero-cm-60x40-1.jpg\",\"contentUrl\":\"https:\/\/www.luciascuderi.it\/wp-content\/uploads\/2022\/12\/mare-nero-cm-60x40-1.jpg\",\"width\":1180,\"height\":787,\"caption\":\"Stampa Mare Nero | Lucia Scuderi\"},{\"@type\":\"WebPage\",\"@id\":\"https:\/\/www.luciascuderi.it\/it\/shop\/stampe\/mare\/mare-nero\/#webpage\",\"url\":\"https:\/\/www.luciascuderi.it\/it\/shop\/stampe\/mare\/mare-nero\/\",\"name\":\"Stampa Fine art edizione limitata - Rifugi nei Colori | Lucia Scuderi\",\"isPartOf\":{\"@id\":\"https:\/\/www.luciascuderi.it\/it\/#website\"},\"primaryImageOfPage\":{\"@id\":\"https:\/\/www.luciascuderi.it\/it\/shop\/stampe\/mare\/mare-nero\/#primaryimage\"},\"datePublished\":\"2022-12-15T14:25:56+00:00\",\"dateModified\":\"2023-11-30T19:02:56+00:00\",\"description\":\"Stampa Fine art edizione limitata 20 esemplari numerati e firmati su carta Hanhemule 100% cotone di Lucia Scuderi.\",\"breadcrumb\":{\"@id\":\"https:\/\/www.luciascuderi.it\/it\/shop\/stampe\/mare\/mare-nero\/#breadcrumb\"},\"inLanguage\":\"it-IT\",\"potentialAction\":[{\"@type\":\"ReadAction\",\"target\":[\"https:\/\/www.luciascuderi.it\/it\/shop\/stampe\/mare\/mare-nero\/\"]}]},{\"@type\":\"BreadcrumbList\",\"@id\":\"https:\/\/www.luciascuderi.it\/it\/shop\/stampe\/mare\/mare-nero\/#breadcrumb\",\"itemListElement\":[{\"@type\":\"ListItem\",\"position\":1,\"name\":\"Home\",\"item\":\"https:\/\/www.luciascuderi.it\/it\/\"},{\"@type\":\"ListItem\",\"position\":2,\"name\":\"Shop\",\"item\":\"https:\/\/www.luciascuderi.it\/it\/shop\/\"},{\"@type\":\"ListItem\",\"position\":3,\"name\":\"Mare Nero\"}]}]}<\/script>\n<!-- \/ Yoast SEO plugin. -->","yoast_head_json":{"title":"Stampa Fine art edizione limitata - Rifugi nei Colori | Lucia Scuderi","description":"Stampa Fine art edizione limitata 20 esemplari numerati e firmati su carta Hanhemule 100% cotone di Lucia Scuderi.","robots":{"index":"index","follow":"follow","max-snippet":"max-snippet:-1","max-image-preview":"max-image-preview:large","max-video-preview":"max-video-preview:-1"},"canonical":"https:\/\/www.luciascuderi.it\/it\/shop\/stampe\/mare\/mare-nero\/","og_locale":"it_IT","og_type":"article","og_title":"Stampa Fine art edizione limitata - Rifugi nei Colori | Lucia Scuderi","og_description":"Stampa Fine art edizione limitata 20 esemplari numerati e firmati su carta Hanhemule 100% cotone di Lucia Scuderi.","og_url":"https:\/\/www.luciascuderi.it\/it\/shop\/stampe\/mare\/mare-nero\/","og_site_name":"Lucia Scuderi","article_modified_time":"2023-11-30T19:02:56+00:00","og_image":[{"width":1180,"height":787,"url":"https:\/\/www.luciascuderi.it\/wp-content\/uploads\/2022\/12\/mare-nero-cm-60x40-1.jpg","type":"image\/jpeg"}],"twitter_card":"summary_large_image","schema":{"@context":"https:\/\/schema.org","@graph":[{"@type":"WebSite","@id":"https:\/\/www.luciascuderi.it\/it\/#website","url":"https:\/\/www.luciascuderi.it\/it\/","name":"Lucia Scuderi","description":"Autrice &amp; Illustratrice","potentialAction":[{"@type":"SearchAction","target":{"@type":"EntryPoint","urlTemplate":"https:\/\/www.luciascuderi.it\/it\/?s={search_term_string}"},"query-input":"required name=search_term_string"}],"inLanguage":"it-IT"},{"@type":"ImageObject","inLanguage":"it-IT","@id":"https:\/\/www.luciascuderi.it\/it\/shop\/stampe\/mare\/mare-nero\/#primaryimage","url":"https:\/\/www.luciascuderi.it\/wp-content\/uploads\/2022\/12\/mare-nero-cm-60x40-1.jpg","contentUrl":"https:\/\/www.luciascuderi.it\/wp-content\/uploads\/2022\/12\/mare-nero-cm-60x40-1.jpg","width":1180,"height":787,"caption":"Stampa Mare Nero | Lucia Scuderi"},{"@type":"WebPage","@id":"https:\/\/www.luciascuderi.it\/it\/shop\/stampe\/mare\/mare-nero\/#webpage","url":"https:\/\/www.luciascuderi.it\/it\/shop\/stampe\/mare\/mare-nero\/","name":"Stampa Fine art edizione limitata - Rifugi nei Colori | Lucia Scuderi","isPartOf":{"@id":"https:\/\/www.luciascuderi.it\/it\/#website"},"primaryImageOfPage":{"@id":"https:\/\/www.luciascuderi.it\/it\/shop\/stampe\/mare\/mare-nero\/#primaryimage"},"datePublished":"2022-12-15T14:25:56+00:00","dateModified":"2023-11-30T19:02:56+00:00","description":"Stampa Fine art edizione limitata 20 esemplari numerati e firmati su carta Hanhemule 100% cotone di Lucia Scuderi.","breadcrumb":{"@id":"https:\/\/www.luciascuderi.it\/it\/shop\/stampe\/mare\/mare-nero\/#breadcrumb"},"inLanguage":"it-IT","potentialAction":[{"@type":"ReadAction","target":["https:\/\/www.luciascuderi.it\/it\/shop\/stampe\/mare\/mare-nero\/"]}]},{"@type":"BreadcrumbList","@id":"https:\/\/www.luciascuderi.it\/it\/shop\/stampe\/mare\/mare-nero\/#breadcrumb","itemListElement":[{"@type":"ListItem","position":1,"name":"Home","item":"https:\/\/www.luciascuderi.it\/it\/"},{"@type":"ListItem","position":2,"name":"Shop","item":"https:\/\/www.luciascuderi.it\/it\/shop\/"},{"@type":"ListItem","position":3,"name":"Mare Nero"}]}]}},"_links":{"self":[{"href":"https:\/\/www.luciascuderi.it\/it\/wp-json\/wp\/v2\/product\/13413"}],"collection":[{"href":"https:\/\/www.luciascuderi.it\/it\/wp-json\/wp\/v2\/product"}],"about":[{"href":"https:\/\/www.luciascuderi.it\/it\/wp-json\/wp\/v2\/types\/product"}],"wp:featuredmedia":[{"embeddable":true,"href":"https:\/\/www.luciascuderi.it\/it\/wp-json\/wp\/v2\/media\/13403"}],"wp:attachment":[{"href":"https:\/\/www.luciascuderi.it\/it\/wp-json\/wp\/v2\/media?parent=13413"}],"wp:term":[{"taxonomy":"product_cat","embeddable":true,"href":"https:\/\/www.luciascuderi.it\/it\/wp-json\/wp\/v2\/product_cat?post=13413"},{"taxonomy":"product_tag","embeddable":true,"href":"https:\/\/www.luciascuderi.it\/it\/wp-json\/wp\/v2\/product_tag?post=13413"}],"curies":[{"name":"wp","href":"https:\/\/api.w.org\/{rel}","templated":true}]}}